{"id":753,"date":"2023-06-27T15:36:09","date_gmt":"2023-06-27T13:36:09","guid":{"rendered":"http:\/\/localhost\/wptest\/?page_id=753"},"modified":"2023-09-20T11:59:13","modified_gmt":"2023-09-20T09:59:13","slug":"publicite","status":"publish","type":"page","link":"https:\/\/www.radiocourchevel.com\/radio-courchevel\/publicite\/","title":{"rendered":"Publicit\u00e9"},"content":{"rendered":"\n<div class=\"wp-block-uagb-container uagb-block-4a4b96d8 alignfull uagb-is-root-container\"><div class=\"uagb-container-inner-blocks-wrap\">\n<h2 class=\"wp-block-heading has-ast-global-color-0-color has-text-color\"><strong>Un m\u00e9dia ancr\u00e9 dans la station la plus chic du monde<\/strong><\/h2>\n\n\n\n<h3 class=\"wp-block-heading\"><strong>Pourquoi communiquer sur R&#8217;Courchevel ?<\/strong><\/h3>\n\n\n\n<p>Radio Courchevel est au c\u0153ur des 3 Vall\u00e9es, le plus grand domaine skiable au monde. Pour un week-end ou une semaine, la montagne reste un plaisir unique. Le radio accompagne l\u2019auditeur et se fait le reflet de cet univers de d\u00e9tente. R\u2019Courchevel ce sont des rendez-vous quotidiens d\u2019information locale : m\u00e9t\u00e9o, infos ski (hiver), agendas, chroniques, interviews, s\u00e9curit\u00e9 et conseils, podcasts. Seule la radio est en mesure de proposer une telle offre, en \u00e9troite liaison avec les autres services de la station.<\/p>\n\n\n\n<div class=\"wp-block-buttons is-content-justification-left is-layout-flex wp-container-core-buttons-is-layout-fc4fd283 wp-block-buttons-is-layout-flex\">\n<div class=\"wp-block-button\"><a class=\"wp-block-button__link wp-element-button\" href=\"https:\/\/www.radiocourchevel.com\/wp-content\/uploads\/2023\/09\/MEDIAKIT-RADIO-COURCHEVEL-2023-WEB.pdf\">T\u00c9L\u00c9CHARGER LE M\u00c9DIAKIT &gt;<\/a><\/div>\n<\/div>\n\n\n\n<div class=\"wp-block-uagb-container uagb-block-4214e40d\">\n<div class=\"wp-block-uagb-container uagb-block-ee982af3\">\n<h3 class=\"wp-block-heading\"><strong><strong>Programmation locale<\/strong> 24h\/24h<\/strong><\/h3>\n\n\n\n<p>Des studios dans le centre de la station qui recoivent des personnalit\u00e9s du monde entier<\/p>\n<\/div>\n\n\n\n<div class=\"wp-block-uagb-container uagb-block-466c561f\">\n<h3 class=\"wp-block-heading\"><strong><strong><strong>80 000 lits touristiques couverts<\/strong><\/strong><\/strong><\/h3>\n\n\n\n<p>Courchevel, M\u00e9ribel, Brides-les-Bains, Pralognan-la-Vanoise, Champagny-en-Vanoise<\/p>\n<\/div>\n\n\n\n<div class=\"wp-block-uagb-container uagb-block-2cc42b54\">\n<h3 class=\"wp-block-heading\"><strong><strong><strong>Auditoire potentiel<\/strong><\/strong><\/strong><\/h3>\n\n\n\n<p>80 000 vacanciers, 6 000 saisonniers,<br>3 000 r\u00e9sidants<\/p>\n<\/div>\n\n\n\n<div class=\"wp-block-uagb-container uagb-block-a1037951\">\n<h3 class=\"wp-block-heading\"><strong><strong><strong>Taux de p\u00e9n\u00e9tration estim\u00e9e<\/strong><\/strong><\/strong><\/h3>\n\n\n\n<p>R\u00e9sidants et saisonniers : 80%<br>Vacanciers : 60%<\/p>\n<\/div>\n\n\n\n<div class=\"wp-block-uagb-container uagb-block-dfc56eb8\">\n<h3 class=\"wp-block-heading\"><strong>Renouvellement<\/strong><\/h3>\n\n\n\n<p>de l\u2019auditoire toutes les semaines<br><\/p>\n<\/div>\n\n\n\n<div class=\"wp-block-uagb-container uagb-block-72d01685\">\n<h3 class=\"wp-block-heading\"><strong><strong><strong><strong>Diffusion<\/strong><\/strong><\/strong><\/strong><\/h3>\n\n\n\n<p>dans galeries Espaces Diamant, Forum, lieux publiques parkings, piscine, patinoire et nombreuses boutiques et \u00e9tablissements (y compris h\u00f4tels et restaurants)<\/p>\n<\/div>\n<\/div>\n\n\n\n<p><strong>www.radiocourchevel.com<\/strong> est \u00e9cout\u00e9 en streaming partout dans le monde (Russie, Chypre, Belgique, Angleterre, Br\u00e9sil, Australie, USA\u2026)<\/p>\n\n\n\n<div class=\"wp-block-uagb-container uagb-block-560e0426\">\n<h3 class=\"wp-block-heading\"><strong><strong>Communiquer \u00e0 la radio, comment \u00e7a marche ?<\/strong><\/strong><\/h3>\n\n\n\n<div class=\"wp-block-uagb-container uagb-block-1fc202e2\">\n<h3 class=\"wp-block-heading\"><strong><strong>Budget Ajustable et diffusion modifiable<\/strong><\/strong><\/h3>\n\n\n\n<p>sur certaines tranches horaires pr\u00e9cises,<br>p\u00e9riodes ou journ\u00e9es de la semaine.<\/p>\n<\/div>\n\n\n\n<div class=\"wp-block-uagb-container uagb-block-bf9eaa32\">\n<h3 class=\"wp-block-heading\"><strong><strong>Format Court<\/strong><\/strong><\/h3>\n\n\n\n<p>le message publicitaire est d\u2019une dur\u00e9e de 20 secondes (30 secondes pour message long).<\/p>\n<\/div>\n\n\n\n<div class=\"wp-block-uagb-container uagb-block-4604469d\">\n<h3 class=\"wp-block-heading\"><strong>Style direct, rythm\u00e9, message formel, dialogue, \u00e9criture sonore, pub ambianc\u00e9e&#8230;<\/strong><\/h3>\n\n\n\n<p>tout est envisageable (dans les limites de la loi)<br>et s\u2019\u00e9labore en coh\u00e9rence avec votre<br>personnalit\u00e9 ou celle de votre entreprise.<\/p>\n<\/div>\n\n\n\n<div class=\"wp-block-uagb-container uagb-block-0ba29213\">\n<h3 class=\"wp-block-heading\"><strong><strong>D\u00e9lai mise \u00e0 l&#8217;antenne sous 72 heures<\/strong><\/strong><\/h3>\n\n\n\n<p>apr\u00e8s signature (hors temps week-end).<br>Tarif campagne \u00e0 partir de 195 \u20ac HT (ponctuel \u00e9v\u00e8nement)<br>jusqu\u2019\u00e0 d\u2019importants packages saison<\/p>\n<\/div>\n<\/div>\n\n\n\n<p>D\u00e9couvrez notre r\u00e9seau m\u00e9dia d\u00e9di\u00e9 au stations de montagne <strong>Grands Espaces : <a rel=\"noreferrer noopener\" href=\"http:\/\/www.grandsespaces.net\/\" target=\"_blank\">www.grandsespaces.net<\/a><\/strong><\/p>\n\n\n\n<div class=\"wp-block-uagb-container uagb-block-0b5847f7\">\n<p class=\"has-text-align-center\">Radio Courchevel<br> Le Forum<br> 73120 COURCHEVEL<br> FRANCE<br><br>E-mail: <a href=\"mailto:info@radiocourchevel.com\">info@radiocourchevel.com<\/a><br> T\u00e9l\u00e9phone \/ Phone : (+33) 4 79 08 34 07<br>Facebook : <a rel=\"noreferrer noopener\" href=\"https:\/\/www.facebook.com\/RadioCourchevel\/\" target=\"_blank\">Radio Courchevel<\/a><\/p>\n<\/div>\n<\/div><\/div>\n","protected":false},"excerpt":{"rendered":"<p>Un m\u00e9dia ancr\u00e9 dans la station la plus chic du monde Pourquoi communiquer sur R&#8217;Courchevel ? Radio Courchevel est au c\u0153ur des 3 Vall\u00e9es, le plus grand domaine skiable au monde. Pour un week-end ou une semaine, la montagne reste un plaisir unique. Le radio accompagne l\u2019auditeur et se fait le reflet de cet univers &hellip;<\/p>\n<p class=\"read-more\"> <a class=\"\" href=\"https:\/\/www.radiocourchevel.com\/radio-courchevel\/publicite\/\"> <span class=\"screen-reader-text\">Publicit\u00e9<\/span> Lire la suite\u00a0\u00bb<\/a><\/p>\n","protected":false},"author":1,"featured_media":0,"parent":0,"menu_order":0,"comment_status":"closed","ping_status":"closed","template":"","meta":{"_uag_custom_page_level_css":"","site-sidebar-layout":"default","site-content-layout":"default","ast-global-header-display":"","ast-banner-title-visibility":"","ast-main-header-display":"","ast-hfb-above-header-display":"","ast-hfb-below-header-display":"","ast-hfb-mobile-header-display":"","site-post-title":"","ast-breadcrumbs-content":"","ast-featured-img":"","footer-sml-layout":"","theme-transparent-header-meta":"","adv-header-id-meta":"","stick-header-meta":"","header-above-stick-meta":"","header-main-stick-meta":"","header-below-stick-meta":"","footnotes":""},"class_list":["post-753","page","type-page","status-publish","hentry"],"yoast_head":"<!-- This site is optimized with the Yoast SEO plugin v27.3 - https:\/\/yoast.com\/product\/yoast-seo-wordpress\/ -->\n<title>Publicit\u00e9 - R&#039;Courchevel<\/title>\n<meta name=\"robots\" content=\"index, follow, max-snippet:-1, max-image-preview:large, max-video-preview:-1\" \/>\n<link rel=\"canonical\" href=\"https:\/\/www.radiocourchevel.com\/radio-courchevel\/publicite\/\" \/>\n<meta property=\"og:locale\" content=\"fr_FR\" \/>\n<meta property=\"og:type\" content=\"article\" \/>\n<meta property=\"og:title\" content=\"Publicit\u00e9 - R&#039;Courchevel\" \/>\n<meta property=\"og:description\" content=\"Un m\u00e9dia ancr\u00e9 dans la station la plus chic du monde Pourquoi communiquer sur R&#8217;Courchevel ? Radio Courchevel est au c\u0153ur des 3 Vall\u00e9es, le plus grand domaine skiable au monde. Pour un week-end ou une semaine, la montagne reste un plaisir unique. Le radio accompagne l\u2019auditeur et se fait le reflet de cet univers &hellip; Publicit\u00e9 Lire la suite\u00a0\u00bb\" \/>\n<meta property=\"og:url\" content=\"https:\/\/www.radiocourchevel.com\/radio-courchevel\/publicite\/\" \/>\n<meta property=\"og:site_name\" content=\"R&#039;Courchevel\" \/>\n<meta property=\"article:publisher\" content=\"https:\/\/www.facebook.com\/RadioCourchevel\/\" \/>\n<meta property=\"article:modified_time\" content=\"2023-09-20T09:59:13+00:00\" \/>\n<meta name=\"twitter:card\" content=\"summary_large_image\" \/>\n<meta name=\"twitter:label1\" content=\"Dur\u00e9e de lecture estim\u00e9e\" \/>\n\t<meta name=\"twitter:data1\" content=\"2 minutes\" \/>\n<script type=\"application\/ld+json\" class=\"yoast-schema-graph\">{\"@context\":\"https:\\\/\\\/schema.org\",\"@graph\":[{\"@type\":\"WebPage\",\"@id\":\"https:\\\/\\\/www.radiocourchevel.com\\\/radio-courchevel\\\/publicite\\\/\",\"url\":\"https:\\\/\\\/www.radiocourchevel.com\\\/radio-courchevel\\\/publicite\\\/\",\"name\":\"Publicit\u00e9 - R&#039;Courchevel\",\"isPartOf\":{\"@id\":\"https:\\\/\\\/www.radiocourchevel.com\\\/radio-courchevel\\\/#website\"},\"datePublished\":\"2023-06-27T13:36:09+00:00\",\"dateModified\":\"2023-09-20T09:59:13+00:00\",\"breadcrumb\":{\"@id\":\"https:\\\/\\\/www.radiocourchevel.com\\\/radio-courchevel\\\/publicite\\\/#breadcrumb\"},\"inLanguage\":\"fr-FR\",\"potentialAction\":[{\"@type\":\"ReadAction\",\"target\":[\"https:\\\/\\\/www.radiocourchevel.com\\\/radio-courchevel\\\/publicite\\\/\"]}]},{\"@type\":\"BreadcrumbList\",\"@id\":\"https:\\\/\\\/www.radiocourchevel.com\\\/radio-courchevel\\\/publicite\\\/#breadcrumb\",\"itemListElement\":[{\"@type\":\"ListItem\",\"position\":1,\"name\":\"Accueil\",\"item\":\"https:\\\/\\\/www.radiocourchevel.com\\\/radio-courchevel\\\/\"},{\"@type\":\"ListItem\",\"position\":2,\"name\":\"Publicit\u00e9\"}]},{\"@type\":\"WebSite\",\"@id\":\"https:\\\/\\\/www.radiocourchevel.com\\\/radio-courchevel\\\/#website\",\"url\":\"https:\\\/\\\/www.radiocourchevel.com\\\/radio-courchevel\\\/\",\"name\":\"R'Courchevel\",\"description\":\"Radio Courchevel - Sur 93.2 FM\",\"publisher\":{\"@id\":\"https:\\\/\\\/www.radiocourchevel.com\\\/radio-courchevel\\\/#organization\"},\"potentialAction\":[{\"@type\":\"SearchAction\",\"target\":{\"@type\":\"EntryPoint\",\"urlTemplate\":\"https:\\\/\\\/www.radiocourchevel.com\\\/radio-courchevel\\\/?s={search_term_string}\"},\"query-input\":{\"@type\":\"PropertyValueSpecification\",\"valueRequired\":true,\"valueName\":\"search_term_string\"}}],\"inLanguage\":\"fr-FR\"},{\"@type\":\"Organization\",\"@id\":\"https:\\\/\\\/www.radiocourchevel.com\\\/radio-courchevel\\\/#organization\",\"name\":\"R'Courchevel\",\"url\":\"https:\\\/\\\/www.radiocourchevel.com\\\/radio-courchevel\\\/\",\"logo\":{\"@type\":\"ImageObject\",\"inLanguage\":\"fr-FR\",\"@id\":\"https:\\\/\\\/www.radiocourchevel.com\\\/radio-courchevel\\\/#\\\/schema\\\/logo\\\/image\\\/\",\"url\":\"https:\\\/\\\/www.radiocourchevel.com\\\/wp-content\\\/uploads\\\/2023\\\/09\\\/cropped-logo-R-Courchevel.png\",\"contentUrl\":\"https:\\\/\\\/www.radiocourchevel.com\\\/wp-content\\\/uploads\\\/2023\\\/09\\\/cropped-logo-R-Courchevel.png\",\"width\":500,\"height\":500,\"caption\":\"R'Courchevel\"},\"image\":{\"@id\":\"https:\\\/\\\/www.radiocourchevel.com\\\/radio-courchevel\\\/#\\\/schema\\\/logo\\\/image\\\/\"},\"sameAs\":[\"https:\\\/\\\/www.facebook.com\\\/RadioCourchevel\\\/\"]}]}<\/script>\n<!-- \/ Yoast SEO plugin. -->","yoast_head_json":{"title":"Publicit\u00e9 - R&#039;Courchevel","robots":{"index":"index","follow":"follow","max-snippet":"max-snippet:-1","max-image-preview":"max-image-preview:large","max-video-preview":"max-video-preview:-1"},"canonical":"https:\/\/www.radiocourchevel.com\/radio-courchevel\/publicite\/","og_locale":"fr_FR","og_type":"article","og_title":"Publicit\u00e9 - R&#039;Courchevel","og_description":"Un m\u00e9dia ancr\u00e9 dans la station la plus chic du monde Pourquoi communiquer sur R&#8217;Courchevel ? Radio Courchevel est au c\u0153ur des 3 Vall\u00e9es, le plus grand domaine skiable au monde. Pour un week-end ou une semaine, la montagne reste un plaisir unique. Le radio accompagne l\u2019auditeur et se fait le reflet de cet univers &hellip; Publicit\u00e9 Lire la suite\u00a0\u00bb","og_url":"https:\/\/www.radiocourchevel.com\/radio-courchevel\/publicite\/","og_site_name":"R&#039;Courchevel","article_publisher":"https:\/\/www.facebook.com\/RadioCourchevel\/","article_modified_time":"2023-09-20T09:59:13+00:00","twitter_card":"summary_large_image","twitter_misc":{"Dur\u00e9e de lecture estim\u00e9e":"2 minutes"},"schema":{"@context":"https:\/\/schema.org","@graph":[{"@type":"WebPage","@id":"https:\/\/www.radiocourchevel.com\/radio-courchevel\/publicite\/","url":"https:\/\/www.radiocourchevel.com\/radio-courchevel\/publicite\/","name":"Publicit\u00e9 - R&#039;Courchevel","isPartOf":{"@id":"https:\/\/www.radiocourchevel.com\/radio-courchevel\/#website"},"datePublished":"2023-06-27T13:36:09+00:00","dateModified":"2023-09-20T09:59:13+00:00","breadcrumb":{"@id":"https:\/\/www.radiocourchevel.com\/radio-courchevel\/publicite\/#breadcrumb"},"inLanguage":"fr-FR","potentialAction":[{"@type":"ReadAction","target":["https:\/\/www.radiocourchevel.com\/radio-courchevel\/publicite\/"]}]},{"@type":"BreadcrumbList","@id":"https:\/\/www.radiocourchevel.com\/radio-courchevel\/publicite\/#breadcrumb","itemListElement":[{"@type":"ListItem","position":1,"name":"Accueil","item":"https:\/\/www.radiocourchevel.com\/radio-courchevel\/"},{"@type":"ListItem","position":2,"name":"Publicit\u00e9"}]},{"@type":"WebSite","@id":"https:\/\/www.radiocourchevel.com\/radio-courchevel\/#website","url":"https:\/\/www.radiocourchevel.com\/radio-courchevel\/","name":"R'Courchevel","description":"Radio Courchevel - Sur 93.2 FM","publisher":{"@id":"https:\/\/www.radiocourchevel.com\/radio-courchevel\/#organization"},"potentialAction":[{"@type":"SearchAction","target":{"@type":"EntryPoint","urlTemplate":"https:\/\/www.radiocourchevel.com\/radio-courchevel\/?s={search_term_string}"},"query-input":{"@type":"PropertyValueSpecification","valueRequired":true,"valueName":"search_term_string"}}],"inLanguage":"fr-FR"},{"@type":"Organization","@id":"https:\/\/www.radiocourchevel.com\/radio-courchevel\/#organization","name":"R'Courchevel","url":"https:\/\/www.radiocourchevel.com\/radio-courchevel\/","logo":{"@type":"ImageObject","inLanguage":"fr-FR","@id":"https:\/\/www.radiocourchevel.com\/radio-courchevel\/#\/schema\/logo\/image\/","url":"https:\/\/www.radiocourchevel.com\/wp-content\/uploads\/2023\/09\/cropped-logo-R-Courchevel.png","contentUrl":"https:\/\/www.radiocourchevel.com\/wp-content\/uploads\/2023\/09\/cropped-logo-R-Courchevel.png","width":500,"height":500,"caption":"R'Courchevel"},"image":{"@id":"https:\/\/www.radiocourchevel.com\/radio-courchevel\/#\/schema\/logo\/image\/"},"sameAs":["https:\/\/www.facebook.com\/RadioCourchevel\/"]}]}},"uagb_featured_image_src":{"full":false,"thumbnail":false,"medium":false,"medium_large":false,"large":false,"1536x1536":false,"2048x2048":false,"audioigniter_cover":false},"uagb_author_info":{"display_name":"adminweb","author_link":"https:\/\/www.radiocourchevel.com\/radio-courchevel\/author\/adminweb\/"},"uagb_comment_info":0,"uagb_excerpt":"Un m\u00e9dia ancr\u00e9 dans la station la plus chic du monde Pourquoi communiquer sur R&#8217;Courchevel ? Radio Courchevel est au c\u0153ur des 3 Vall\u00e9es, le plus grand domaine skiable au monde. Pour un week-end ou une semaine, la montagne reste un plaisir unique. Le radio accompagne l\u2019auditeur et se fait le reflet de cet univers\u2026","_links":{"self":[{"href":"https:\/\/www.radiocourchevel.com\/radio-courchevel\/wp-json\/wp\/v2\/pages\/753","targetHints":{"allow":["GET"]}}],"collection":[{"href":"https:\/\/www.radiocourchevel.com\/radio-courchevel\/wp-json\/wp\/v2\/pages"}],"about":[{"href":"https:\/\/www.radiocourchevel.com\/radio-courchevel\/wp-json\/wp\/v2\/types\/page"}],"author":[{"embeddable":true,"href":"https:\/\/www.radiocourchevel.com\/radio-courchevel\/wp-json\/wp\/v2\/users\/1"}],"replies":[{"embeddable":true,"href":"https:\/\/www.radiocourchevel.com\/radio-courchevel\/wp-json\/wp\/v2\/comments?post=753"}],"version-history":[{"count":66,"href":"https:\/\/www.radiocourchevel.com\/radio-courchevel\/wp-json\/wp\/v2\/pages\/753\/revisions"}],"predecessor-version":[{"id":1369,"href":"https:\/\/www.radiocourchevel.com\/radio-courchevel\/wp-json\/wp\/v2\/pages\/753\/revisions\/1369"}],"wp:attachment":[{"href":"https:\/\/www.radiocourchevel.com\/radio-courchevel\/wp-json\/wp\/v2\/media?parent=753"}],"curies":[{"name":"wp","href":"https:\/\/api.w.org\/{rel}","templated":true}]}}