{"id":85,"date":"2023-06-14T10:57:42","date_gmt":"2023-06-14T08:57:42","guid":{"rendered":"http:\/\/localhost\/wptest\/?page_id=85"},"modified":"2023-07-10T10:17:45","modified_gmt":"2023-07-10T08:17:45","slug":"nos-studios","status":"publish","type":"page","link":"https:\/\/www.radiocourchevel.com\/radio-courchevel\/nos-studios\/","title":{"rendered":"Nos Studios"},"content":{"rendered":"\n<div class=\"wp-block-uagb-container uagb-block-b631ea32 alignfull uagb-is-root-container\"><div class=\"uagb-container-inner-blocks-wrap\">\n<div class=\"wp-block-uagb-container uagb-block-1b24db4c\">\n<div class=\"wp-block-uagb-container uagb-block-371c890d\">\n<p class=\"has-text-align-left wp-embed-aspect-16-9 wp-has-aspect-ratio\">Nos studios sont situ\u00e9s au c\u0153ur de la station de Courchevel !<br>Nous travaillons avec des logiciels de diffusion publicitaire adapt\u00e9s et fiables !<\/p>\n\n\n\n<figure class=\"wp-block-embed aligncenter is-type-video is-provider-vimeo wp-block-embed-vimeo wp-embed-aspect-16-9 wp-has-aspect-ratio\"><div class=\"wp-block-embed__wrapper\">\n<div class=\"ast-oembed-container\" style=\"height: 100%;\"><iframe loading=\"lazy\" title=\"studio radio courchevel\" src=\"https:\/\/player.vimeo.com\/video\/71018919?dnt=1&amp;app_id=122963\" width=\"500\" height=\"281\" frameborder=\"0\" allow=\"autoplay; fullscreen; picture-in-picture; clipboard-write\"><\/iframe><\/div>\n<\/div><\/figure>\n<\/div>\n\n\n\n<div class=\"wp-block-uagb-container uagb-block-b57959da\">\t\t\t\t\t<div\n\t\t\t\t\t\tclass=\"wp-block-uagb-image-gallery uagb-block-4962cf6a     \"\n\t\t\t\t\t\tstyle=\"\"\n\t\t\t\t\t>\n\t\t\t\t\t\t\t\t\t\t\t<div class=\"spectra-image-gallery spectra-image-gallery__layout--carousel\">\n\t\t\t\t\t\t\t\t<div class=\"uagb-slick-carousel uagb-block-4962cf6a\">\n\t\t\t\t\t\t\t\t\t\t\t\t<div class='spectra-image-gallery__media-wrapper' data-spectra-gallery-image-id='658'>\n\t\t\t\t\t\t\t<div class=\"spectra-image-gallery__media spectra-image-gallery__media--carousel\">\n\t\t\t\t<picture>\n\t\t\t\t\t<source media=\"(min-width: 1024px)\" srcset=\"https:\/\/www.radiocourchevel.com\/wp-content\/uploads\/2023\/06\/22-12-06-052_web-1024x682.png\">\n\t\t\t\t\t<source media=\"(min-width: 768px)\" srcset=\"https:\/\/www.radiocourchevel.com\/wp-content\/uploads\/2023\/06\/22-12-06-052_web-1024x682.png\">\n\t\t\t\t\t<img decoding=\"async\" class=\"spectra-image-gallery__media-thumbnail spectra-image-gallery__media-thumbnail--carousel\" src=\"https:\/\/www.radiocourchevel.com\/wp-content\/uploads\/2023\/06\/22-12-06-052_web-300x200.png\" alt=\"\" loading=\"lazy\" \/>\n\t\t\t\t<\/picture>\n\t\t\t\t<div class=\"spectra-image-gallery__media-thumbnail-blurrer\"><\/div>\n\t\t\t\t\t\t\t\t\t\t\t<div class=\"spectra-image-gallery__media-thumbnail-caption-wrapper spectra-image-gallery__media-thumbnail-caption-wrapper--overlay\"><\/div>\n\t\t\t\t\t\t\t\t<\/div>\n\t\t\t\t\t\t<\/div>\n\t\t\t\t\t\t<div class='spectra-image-gallery__media-wrapper' data-spectra-gallery-image-id='657'>\n\t\t\t\t\t\t\t<div class=\"spectra-image-gallery__media spectra-image-gallery__media--carousel\">\n\t\t\t\t<picture>\n\t\t\t\t\t<source media=\"(min-width: 1024px)\" srcset=\"https:\/\/www.radiocourchevel.com\/wp-content\/uploads\/2023\/06\/MG_5619_web-1024x682.png\">\n\t\t\t\t\t<source media=\"(min-width: 768px)\" srcset=\"https:\/\/www.radiocourchevel.com\/wp-content\/uploads\/2023\/06\/MG_5619_web-1024x682.png\">\n\t\t\t\t\t<img decoding=\"async\" class=\"spectra-image-gallery__media-thumbnail spectra-image-gallery__media-thumbnail--carousel\" src=\"https:\/\/www.radiocourchevel.com\/wp-content\/uploads\/2023\/06\/MG_5619_web-300x200.png\" alt=\"\" loading=\"lazy\" \/>\n\t\t\t\t<\/picture>\n\t\t\t\t<div class=\"spectra-image-gallery__media-thumbnail-blurrer\"><\/div>\n\t\t\t\t\t\t\t\t\t\t\t<div class=\"spectra-image-gallery__media-thumbnail-caption-wrapper spectra-image-gallery__media-thumbnail-caption-wrapper--overlay\"><\/div>\n\t\t\t\t\t\t\t\t<\/div>\n\t\t\t\t\t\t<\/div>\n\t\t\t\t\t\t<div class='spectra-image-gallery__media-wrapper' data-spectra-gallery-image-id='659'>\n\t\t\t\t\t\t\t<div class=\"spectra-image-gallery__media spectra-image-gallery__media--carousel\">\n\t\t\t\t<picture>\n\t\t\t\t\t<source media=\"(min-width: 1024px)\" srcset=\"https:\/\/www.radiocourchevel.com\/wp-content\/uploads\/2023\/06\/OBB_9056_web-1024x681.png\">\n\t\t\t\t\t<source media=\"(min-width: 768px)\" srcset=\"https:\/\/www.radiocourchevel.com\/wp-content\/uploads\/2023\/06\/OBB_9056_web-1024x681.png\">\n\t\t\t\t\t<img decoding=\"async\" class=\"spectra-image-gallery__media-thumbnail spectra-image-gallery__media-thumbnail--carousel\" src=\"https:\/\/www.radiocourchevel.com\/wp-content\/uploads\/2023\/06\/OBB_9056_web-300x200.png\" alt=\"\" loading=\"lazy\" \/>\n\t\t\t\t<\/picture>\n\t\t\t\t<div class=\"spectra-image-gallery__media-thumbnail-blurrer\"><\/div>\n\t\t\t\t\t\t\t\t\t\t\t<div class=\"spectra-image-gallery__media-thumbnail-caption-wrapper spectra-image-gallery__media-thumbnail-caption-wrapper--overlay\"><\/div>\n\t\t\t\t\t\t\t\t<\/div>\n\t\t\t\t\t\t<\/div>\n\t\t\t\t\t\t<div class='spectra-image-gallery__media-wrapper' data-spectra-gallery-image-id='655'>\n\t\t\t\t\t\t\t<div class=\"spectra-image-gallery__media spectra-image-gallery__media--carousel\">\n\t\t\t\t<picture>\n\t\t\t\t\t<source media=\"(min-width: 1024px)\" srcset=\"https:\/\/www.radiocourchevel.com\/wp-content\/uploads\/2023\/06\/portrait-2.jpg\">\n\t\t\t\t\t<source media=\"(min-width: 768px)\" srcset=\"https:\/\/www.radiocourchevel.com\/wp-content\/uploads\/2023\/06\/portrait-2.jpg\">\n\t\t\t\t\t<img decoding=\"async\" class=\"spectra-image-gallery__media-thumbnail spectra-image-gallery__media-thumbnail--carousel\" src=\"https:\/\/www.radiocourchevel.com\/wp-content\/uploads\/2023\/06\/portrait-2-300x200.jpg\" alt=\"\" loading=\"lazy\" \/>\n\t\t\t\t<\/picture>\n\t\t\t\t<div class=\"spectra-image-gallery__media-thumbnail-blurrer\"><\/div>\n\t\t\t\t\t\t\t\t\t\t\t<div class=\"spectra-image-gallery__media-thumbnail-caption-wrapper spectra-image-gallery__media-thumbnail-caption-wrapper--overlay\"><\/div>\n\t\t\t\t\t\t\t\t<\/div>\n\t\t\t\t\t\t<\/div>\n\t\t\t\t\t\t<div class='spectra-image-gallery__media-wrapper' data-spectra-gallery-image-id='10'>\n\t\t\t\t\t\t\t<div class=\"spectra-image-gallery__media spectra-image-gallery__media--carousel\">\n\t\t\t\t<picture>\n\t\t\t\t\t<source media=\"(min-width: 1024px)\" srcset=\"https:\/\/www.radiocourchevel.com\/wp-content\/uploads\/2023\/06\/OBB_9079-1024x682.jpg\">\n\t\t\t\t\t<source media=\"(min-width: 768px)\" srcset=\"https:\/\/www.radiocourchevel.com\/wp-content\/uploads\/2023\/06\/OBB_9079-1024x682.jpg\">\n\t\t\t\t\t<img decoding=\"async\" class=\"spectra-image-gallery__media-thumbnail spectra-image-gallery__media-thumbnail--carousel\" src=\"https:\/\/www.radiocourchevel.com\/wp-content\/uploads\/2023\/06\/OBB_9079-300x200.jpg\" alt=\"\" loading=\"lazy\" \/>\n\t\t\t\t<\/picture>\n\t\t\t\t<div class=\"spectra-image-gallery__media-thumbnail-blurrer\"><\/div>\n\t\t\t\t\t\t\t\t\t\t\t<div class=\"spectra-image-gallery__media-thumbnail-caption-wrapper spectra-image-gallery__media-thumbnail-caption-wrapper--overlay\"><\/div>\n\t\t\t\t\t\t\t\t<\/div>\n\t\t\t\t\t\t<\/div>\n\t\t\t\t\t\t<div class='spectra-image-gallery__media-wrapper' data-spectra-gallery-image-id='9'>\n\t\t\t\t\t\t\t<div class=\"spectra-image-gallery__media spectra-image-gallery__media--carousel\">\n\t\t\t\t<picture>\n\t\t\t\t\t<source media=\"(min-width: 1024px)\" srcset=\"https:\/\/www.radiocourchevel.com\/wp-content\/uploads\/2023\/06\/OBB_9024-1024x682.jpg\">\n\t\t\t\t\t<source media=\"(min-width: 768px)\" srcset=\"https:\/\/www.radiocourchevel.com\/wp-content\/uploads\/2023\/06\/OBB_9024-1024x682.jpg\">\n\t\t\t\t\t<img decoding=\"async\" class=\"spectra-image-gallery__media-thumbnail spectra-image-gallery__media-thumbnail--carousel\" src=\"https:\/\/www.radiocourchevel.com\/wp-content\/uploads\/2023\/06\/OBB_9024-300x200.jpg\" alt=\"\" loading=\"lazy\" \/>\n\t\t\t\t<\/picture>\n\t\t\t\t<div class=\"spectra-image-gallery__media-thumbnail-blurrer\"><\/div>\n\t\t\t\t\t\t\t\t\t\t\t<div class=\"spectra-image-gallery__media-thumbnail-caption-wrapper spectra-image-gallery__media-thumbnail-caption-wrapper--overlay\"><\/div>\n\t\t\t\t\t\t\t\t<\/div>\n\t\t\t\t\t\t<\/div>\n\t\t\t\t\t\t\t\t\t\t\t<\/div>\n\t\t\t\t\t\t\t<\/div>\n\t\t\t\t\t\t\t\t\t\t\t<\/div>\n\t\t\t\t\t\t\t\t\t<\/div>\n<\/div>\n<\/div><\/div>\n","protected":false},"excerpt":{"rendered":"<p>Nos studios sont situ\u00e9s au c\u0153ur de la station de Courchevel !Nous travaillons avec des logiciels de diffusion publicitaire adapt\u00e9s et fiables !<\/p>\n","protected":false},"author":1,"featured_media":0,"parent":0,"menu_order":0,"comment_status":"closed","ping_status":"closed","template":"","meta":{"_uag_custom_page_level_css":"","site-sidebar-layout":"default","site-content-layout":"default","ast-global-header-display":"","ast-banner-title-visibility":"","ast-main-header-display":"","ast-hfb-above-header-display":"","ast-hfb-below-header-display":"","ast-hfb-mobile-header-display":"","site-post-title":"","ast-breadcrumbs-content":"","ast-featured-img":"","footer-sml-layout":"","theme-transparent-header-meta":"","adv-header-id-meta":"","stick-header-meta":"","header-above-stick-meta":"","header-main-stick-meta":"","header-below-stick-meta":"","footnotes":""},"class_list":["post-85","page","type-page","status-publish","hentry"],"yoast_head":"<!-- This site is optimized with the Yoast SEO plugin v27.3 - https:\/\/yoast.com\/product\/yoast-seo-wordpress\/ -->\n<title>Nos Studios - R&#039;Courchevel<\/title>\n<meta name=\"robots\" content=\"index, follow, max-snippet:-1, max-image-preview:large, max-video-preview:-1\" \/>\n<link rel=\"canonical\" href=\"https:\/\/www.radiocourchevel.com\/radio-courchevel\/nos-studios\/\" \/>\n<meta property=\"og:locale\" content=\"fr_FR\" \/>\n<meta property=\"og:type\" content=\"article\" \/>\n<meta property=\"og:title\" content=\"Nos Studios - R&#039;Courchevel\" \/>\n<meta property=\"og:description\" content=\"Nos studios sont situ\u00e9s au c\u0153ur de la station de Courchevel !Nous travaillons avec des logiciels de diffusion publicitaire adapt\u00e9s et fiables !\" \/>\n<meta property=\"og:url\" content=\"https:\/\/www.radiocourchevel.com\/radio-courchevel\/nos-studios\/\" \/>\n<meta property=\"og:site_name\" content=\"R&#039;Courchevel\" \/>\n<meta property=\"article:publisher\" content=\"https:\/\/www.facebook.com\/RadioCourchevel\/\" \/>\n<meta property=\"article:modified_time\" content=\"2023-07-10T08:17:45+00:00\" \/>\n<meta name=\"twitter:card\" content=\"summary_large_image\" \/>\n<script type=\"application\/ld+json\" class=\"yoast-schema-graph\">{\"@context\":\"https:\\\/\\\/schema.org\",\"@graph\":[{\"@type\":\"WebPage\",\"@id\":\"https:\\\/\\\/www.radiocourchevel.com\\\/radio-courchevel\\\/nos-studios\\\/\",\"url\":\"https:\\\/\\\/www.radiocourchevel.com\\\/radio-courchevel\\\/nos-studios\\\/\",\"name\":\"Nos Studios - R&#039;Courchevel\",\"isPartOf\":{\"@id\":\"https:\\\/\\\/www.radiocourchevel.com\\\/radio-courchevel\\\/#website\"},\"datePublished\":\"2023-06-14T08:57:42+00:00\",\"dateModified\":\"2023-07-10T08:17:45+00:00\",\"breadcrumb\":{\"@id\":\"https:\\\/\\\/www.radiocourchevel.com\\\/radio-courchevel\\\/nos-studios\\\/#breadcrumb\"},\"inLanguage\":\"fr-FR\",\"potentialAction\":[{\"@type\":\"ReadAction\",\"target\":[\"https:\\\/\\\/www.radiocourchevel.com\\\/radio-courchevel\\\/nos-studios\\\/\"]}]},{\"@type\":\"BreadcrumbList\",\"@id\":\"https:\\\/\\\/www.radiocourchevel.com\\\/radio-courchevel\\\/nos-studios\\\/#breadcrumb\",\"itemListElement\":[{\"@type\":\"ListItem\",\"position\":1,\"name\":\"Accueil\",\"item\":\"https:\\\/\\\/www.radiocourchevel.com\\\/radio-courchevel\\\/\"},{\"@type\":\"ListItem\",\"position\":2,\"name\":\"Nos Studios\"}]},{\"@type\":\"WebSite\",\"@id\":\"https:\\\/\\\/www.radiocourchevel.com\\\/radio-courchevel\\\/#website\",\"url\":\"https:\\\/\\\/www.radiocourchevel.com\\\/radio-courchevel\\\/\",\"name\":\"R'Courchevel\",\"description\":\"Radio Courchevel - Sur 93.2 FM\",\"publisher\":{\"@id\":\"https:\\\/\\\/www.radiocourchevel.com\\\/radio-courchevel\\\/#organization\"},\"potentialAction\":[{\"@type\":\"SearchAction\",\"target\":{\"@type\":\"EntryPoint\",\"urlTemplate\":\"https:\\\/\\\/www.radiocourchevel.com\\\/radio-courchevel\\\/?s={search_term_string}\"},\"query-input\":{\"@type\":\"PropertyValueSpecification\",\"valueRequired\":true,\"valueName\":\"search_term_string\"}}],\"inLanguage\":\"fr-FR\"},{\"@type\":\"Organization\",\"@id\":\"https:\\\/\\\/www.radiocourchevel.com\\\/radio-courchevel\\\/#organization\",\"name\":\"R'Courchevel\",\"url\":\"https:\\\/\\\/www.radiocourchevel.com\\\/radio-courchevel\\\/\",\"logo\":{\"@type\":\"ImageObject\",\"inLanguage\":\"fr-FR\",\"@id\":\"https:\\\/\\\/www.radiocourchevel.com\\\/radio-courchevel\\\/#\\\/schema\\\/logo\\\/image\\\/\",\"url\":\"https:\\\/\\\/www.radiocourchevel.com\\\/wp-content\\\/uploads\\\/2023\\\/09\\\/cropped-logo-R-Courchevel.png\",\"contentUrl\":\"https:\\\/\\\/www.radiocourchevel.com\\\/wp-content\\\/uploads\\\/2023\\\/09\\\/cropped-logo-R-Courchevel.png\",\"width\":500,\"height\":500,\"caption\":\"R'Courchevel\"},\"image\":{\"@id\":\"https:\\\/\\\/www.radiocourchevel.com\\\/radio-courchevel\\\/#\\\/schema\\\/logo\\\/image\\\/\"},\"sameAs\":[\"https:\\\/\\\/www.facebook.com\\\/RadioCourchevel\\\/\"]}]}<\/script>\n<!-- \/ Yoast SEO plugin. -->","yoast_head_json":{"title":"Nos Studios - R&#039;Courchevel","robots":{"index":"index","follow":"follow","max-snippet":"max-snippet:-1","max-image-preview":"max-image-preview:large","max-video-preview":"max-video-preview:-1"},"canonical":"https:\/\/www.radiocourchevel.com\/radio-courchevel\/nos-studios\/","og_locale":"fr_FR","og_type":"article","og_title":"Nos Studios - R&#039;Courchevel","og_description":"Nos studios sont situ\u00e9s au c\u0153ur de la station de Courchevel !Nous travaillons avec des logiciels de diffusion publicitaire adapt\u00e9s et fiables !","og_url":"https:\/\/www.radiocourchevel.com\/radio-courchevel\/nos-studios\/","og_site_name":"R&#039;Courchevel","article_publisher":"https:\/\/www.facebook.com\/RadioCourchevel\/","article_modified_time":"2023-07-10T08:17:45+00:00","twitter_card":"summary_large_image","schema":{"@context":"https:\/\/schema.org","@graph":[{"@type":"WebPage","@id":"https:\/\/www.radiocourchevel.com\/radio-courchevel\/nos-studios\/","url":"https:\/\/www.radiocourchevel.com\/radio-courchevel\/nos-studios\/","name":"Nos Studios - R&#039;Courchevel","isPartOf":{"@id":"https:\/\/www.radiocourchevel.com\/radio-courchevel\/#website"},"datePublished":"2023-06-14T08:57:42+00:00","dateModified":"2023-07-10T08:17:45+00:00","breadcrumb":{"@id":"https:\/\/www.radiocourchevel.com\/radio-courchevel\/nos-studios\/#breadcrumb"},"inLanguage":"fr-FR","potentialAction":[{"@type":"ReadAction","target":["https:\/\/www.radiocourchevel.com\/radio-courchevel\/nos-studios\/"]}]},{"@type":"BreadcrumbList","@id":"https:\/\/www.radiocourchevel.com\/radio-courchevel\/nos-studios\/#breadcrumb","itemListElement":[{"@type":"ListItem","position":1,"name":"Accueil","item":"https:\/\/www.radiocourchevel.com\/radio-courchevel\/"},{"@type":"ListItem","position":2,"name":"Nos Studios"}]},{"@type":"WebSite","@id":"https:\/\/www.radiocourchevel.com\/radio-courchevel\/#website","url":"https:\/\/www.radiocourchevel.com\/radio-courchevel\/","name":"R'Courchevel","description":"Radio Courchevel - Sur 93.2 FM","publisher":{"@id":"https:\/\/www.radiocourchevel.com\/radio-courchevel\/#organization"},"potentialAction":[{"@type":"SearchAction","target":{"@type":"EntryPoint","urlTemplate":"https:\/\/www.radiocourchevel.com\/radio-courchevel\/?s={search_term_string}"},"query-input":{"@type":"PropertyValueSpecification","valueRequired":true,"valueName":"search_term_string"}}],"inLanguage":"fr-FR"},{"@type":"Organization","@id":"https:\/\/www.radiocourchevel.com\/radio-courchevel\/#organization","name":"R'Courchevel","url":"https:\/\/www.radiocourchevel.com\/radio-courchevel\/","logo":{"@type":"ImageObject","inLanguage":"fr-FR","@id":"https:\/\/www.radiocourchevel.com\/radio-courchevel\/#\/schema\/logo\/image\/","url":"https:\/\/www.radiocourchevel.com\/wp-content\/uploads\/2023\/09\/cropped-logo-R-Courchevel.png","contentUrl":"https:\/\/www.radiocourchevel.com\/wp-content\/uploads\/2023\/09\/cropped-logo-R-Courchevel.png","width":500,"height":500,"caption":"R'Courchevel"},"image":{"@id":"https:\/\/www.radiocourchevel.com\/radio-courchevel\/#\/schema\/logo\/image\/"},"sameAs":["https:\/\/www.facebook.com\/RadioCourchevel\/"]}]}},"uagb_featured_image_src":{"full":false,"thumbnail":false,"medium":false,"medium_large":false,"large":false,"1536x1536":false,"2048x2048":false,"audioigniter_cover":false},"uagb_author_info":{"display_name":"adminweb","author_link":"https:\/\/www.radiocourchevel.com\/radio-courchevel\/author\/adminweb\/"},"uagb_comment_info":0,"uagb_excerpt":"Nos studios sont situ\u00e9s au c\u0153ur de la station de Courchevel !Nous travaillons avec des logiciels de diffusion publicitaire adapt\u00e9s et fiables !","_links":{"self":[{"href":"https:\/\/www.radiocourchevel.com\/radio-courchevel\/wp-json\/wp\/v2\/pages\/85","targetHints":{"allow":["GET"]}}],"collection":[{"href":"https:\/\/www.radiocourchevel.com\/radio-courchevel\/wp-json\/wp\/v2\/pages"}],"about":[{"href":"https:\/\/www.radiocourchevel.com\/radio-courchevel\/wp-json\/wp\/v2\/types\/page"}],"author":[{"embeddable":true,"href":"https:\/\/www.radiocourchevel.com\/radio-courchevel\/wp-json\/wp\/v2\/users\/1"}],"replies":[{"embeddable":true,"href":"https:\/\/www.radiocourchevel.com\/radio-courchevel\/wp-json\/wp\/v2\/comments?post=85"}],"version-history":[{"count":32,"href":"https:\/\/www.radiocourchevel.com\/radio-courchevel\/wp-json\/wp\/v2\/pages\/85\/revisions"}],"predecessor-version":[{"id":1290,"href":"https:\/\/www.radiocourchevel.com\/radio-courchevel\/wp-json\/wp\/v2\/pages\/85\/revisions\/1290"}],"wp:attachment":[{"href":"https:\/\/www.radiocourchevel.com\/radio-courchevel\/wp-json\/wp\/v2\/media?parent=85"}],"curies":[{"name":"wp","href":"https:\/\/api.w.org\/{rel}","templated":true}]}}