{"id":996,"date":"2023-07-04T12:01:11","date_gmt":"2023-07-04T10:01:11","guid":{"rendered":"http:\/\/localhost\/wptest\/?page_id=996"},"modified":"2023-09-21T08:08:49","modified_gmt":"2023-09-21T06:08:49","slug":"programme","status":"publish","type":"page","link":"https:\/\/www.radiocourchevel.com\/radio-courchevel\/programme\/","title":{"rendered":"Programme"},"content":{"rendered":"\n<div class=\"wp-block-uagb-container uagb-block-6e512182 alignfull uagb-is-root-container\"><div class=\"uagb-container-inner-blocks-wrap\">\n<div class=\"wp-block-uagb-container uagb-block-632b9903\">\n<h3 class=\"wp-block-heading has-text-align-center\"><strong>R&#8217;EVEIL<\/strong><\/h3>\n\n\n\n<h4 class=\"wp-block-heading has-text-align-center has-ast-global-color-0-color has-text-color\"><strong>06h30 &#8211; 7h30<\/strong><\/h4>\n\n\n\n<p class=\"has-text-align-center\">Flash infos nationales et internationales<br>Flash infos r\u00e9gionales<br>M\u00e9t\u00e9o Locale<\/p>\n<\/div>\n\n\n\n<div class=\"wp-block-uagb-container uagb-block-4b508b79\">\n<h3 class=\"wp-block-heading has-text-align-center\"><strong>LA MATINALE<\/strong><\/h3>\n\n\n\n<h4 class=\"wp-block-heading has-text-align-center has-ast-global-color-0-color has-text-color\"><strong>07h30 &#8211; 10h30<\/strong><\/h4>\n\n\n\n<p class=\"has-text-align-center\">Infos pistes<br>Agenda<br>Infos routes<br>M\u00e9t\u00e9o montagne <br> Jeux<\/p>\n<\/div>\n\n\n\n<div class=\"wp-block-uagb-container uagb-block-2399f1d7\">\n<h3 class=\"wp-block-heading has-text-align-center\"><strong>LE GRAND R&#8217;<\/strong><\/h3>\n\n\n\n<h4 class=\"wp-block-heading has-text-align-center has-ast-global-color-0-color has-text-color\"><strong>10h30 &#8211; 16h<\/strong><\/h4>\n\n\n\n<p class=\"has-text-align-center\">Skiez en musique, bien inform\u00e9s !<\/p>\n<\/div>\n\n\n\n<div class=\"wp-block-uagb-container uagb-block-44de05d5\">\n<h3 class=\"wp-block-heading has-text-align-center\"><strong>AFTER&#8217; SKI<\/strong><\/h3>\n\n\n\n<h4 class=\"wp-block-heading has-text-align-center has-ast-global-color-0-color has-text-color\"><strong>16h &#8211; 20h<\/strong><\/h4>\n\n\n\n<p class=\"has-text-align-center\">Flash infos nationales et internationales<br>Bons plans station<br>M\u00e9t\u00e9o montagne<br> Agenda<\/p>\n<\/div>\n\n\n\n<div class=\"wp-block-uagb-container uagb-block-4dcaa6b9\">\n<h3 class=\"wp-block-heading has-text-align-center\"><strong>R&#8217;TIME<\/strong><\/h3>\n\n\n\n<h4 class=\"wp-block-heading has-text-align-center has-ast-global-color-0-color has-text-color\">20h00 &#8211; 4h00<\/h4>\n\n\n\n<p class=\"has-text-align-center\">La s\u00e9lection de la radio station, 100 % music : Chillout, deep house, electro, reggae, hip hop&#8230;.<\/p>\n<\/div>\n<\/div><\/div>\n","protected":false},"excerpt":{"rendered":"<p>R&#8217;EVEIL 06h30 &#8211; 7h30 Flash infos nationales et internationalesFlash infos r\u00e9gionalesM\u00e9t\u00e9o Locale LA MATINALE 07h30 &#8211; 10h30 Infos pistesAgendaInfos routesM\u00e9t\u00e9o montagne Jeux LE GRAND R&#8217; 10h30 &#8211; 16h Skiez en musique, bien inform\u00e9s ! AFTER&#8217; SKI 16h &#8211; 20h Flash infos nationales et internationalesBons plans stationM\u00e9t\u00e9o montagne Agenda R&#8217;TIME 20h00 &#8211; 4h00 La s\u00e9lection de &hellip;<\/p>\n<p class=\"read-more\"> <a class=\"\" href=\"https:\/\/www.radiocourchevel.com\/radio-courchevel\/programme\/\"> <span class=\"screen-reader-text\">Programme<\/span> Lire la suite\u00a0\u00bb<\/a><\/p>\n","protected":false},"author":1,"featured_media":0,"parent":0,"menu_order":0,"comment_status":"closed","ping_status":"closed","template":"","meta":{"_uag_custom_page_level_css":"","site-sidebar-layout":"default","site-content-layout":"default","ast-global-header-display":"","ast-banner-title-visibility":"","ast-main-header-display":"","ast-hfb-above-header-display":"","ast-hfb-below-header-display":"","ast-hfb-mobile-header-display":"","site-post-title":"","ast-breadcrumbs-content":"","ast-featured-img":"","footer-sml-layout":"","theme-transparent-header-meta":"","adv-header-id-meta":"","stick-header-meta":"","header-above-stick-meta":"","header-main-stick-meta":"","header-below-stick-meta":"","footnotes":""},"class_list":["post-996","page","type-page","status-publish","hentry"],"yoast_head":"<!-- This site is optimized with the Yoast SEO plugin v27.3 - https:\/\/yoast.com\/product\/yoast-seo-wordpress\/ -->\n<title>Programme - R&#039;Courchevel<\/title>\n<meta name=\"robots\" content=\"index, follow, max-snippet:-1, max-image-preview:large, max-video-preview:-1\" \/>\n<link rel=\"canonical\" href=\"https:\/\/www.radiocourchevel.com\/radio-courchevel\/programme\/\" \/>\n<meta property=\"og:locale\" content=\"fr_FR\" \/>\n<meta property=\"og:type\" content=\"article\" \/>\n<meta property=\"og:title\" content=\"Programme - R&#039;Courchevel\" \/>\n<meta property=\"og:description\" content=\"R&#8217;EVEIL 06h30 &#8211; 7h30 Flash infos nationales et internationalesFlash infos r\u00e9gionalesM\u00e9t\u00e9o Locale LA MATINALE 07h30 &#8211; 10h30 Infos pistesAgendaInfos routesM\u00e9t\u00e9o montagne Jeux LE GRAND R&#8217; 10h30 &#8211; 16h Skiez en musique, bien inform\u00e9s ! AFTER&#8217; SKI 16h &#8211; 20h Flash infos nationales et internationalesBons plans stationM\u00e9t\u00e9o montagne Agenda R&#8217;TIME 20h00 &#8211; 4h00 La s\u00e9lection de &hellip; Programme Lire la suite\u00a0\u00bb\" \/>\n<meta property=\"og:url\" content=\"https:\/\/www.radiocourchevel.com\/radio-courchevel\/programme\/\" \/>\n<meta property=\"og:site_name\" content=\"R&#039;Courchevel\" \/>\n<meta property=\"article:publisher\" content=\"https:\/\/www.facebook.com\/RadioCourchevel\/\" \/>\n<meta property=\"article:modified_time\" content=\"2023-09-21T06:08:49+00:00\" \/>\n<meta name=\"twitter:card\" content=\"summary_large_image\" \/>\n<script type=\"application\/ld+json\" class=\"yoast-schema-graph\">{\"@context\":\"https:\\\/\\\/schema.org\",\"@graph\":[{\"@type\":\"WebPage\",\"@id\":\"https:\\\/\\\/www.radiocourchevel.com\\\/radio-courchevel\\\/programme\\\/\",\"url\":\"https:\\\/\\\/www.radiocourchevel.com\\\/radio-courchevel\\\/programme\\\/\",\"name\":\"Programme - R&#039;Courchevel\",\"isPartOf\":{\"@id\":\"https:\\\/\\\/www.radiocourchevel.com\\\/radio-courchevel\\\/#website\"},\"datePublished\":\"2023-07-04T10:01:11+00:00\",\"dateModified\":\"2023-09-21T06:08:49+00:00\",\"breadcrumb\":{\"@id\":\"https:\\\/\\\/www.radiocourchevel.com\\\/radio-courchevel\\\/programme\\\/#breadcrumb\"},\"inLanguage\":\"fr-FR\",\"potentialAction\":[{\"@type\":\"ReadAction\",\"target\":[\"https:\\\/\\\/www.radiocourchevel.com\\\/radio-courchevel\\\/programme\\\/\"]}]},{\"@type\":\"BreadcrumbList\",\"@id\":\"https:\\\/\\\/www.radiocourchevel.com\\\/radio-courchevel\\\/programme\\\/#breadcrumb\",\"itemListElement\":[{\"@type\":\"ListItem\",\"position\":1,\"name\":\"Accueil\",\"item\":\"https:\\\/\\\/www.radiocourchevel.com\\\/radio-courchevel\\\/\"},{\"@type\":\"ListItem\",\"position\":2,\"name\":\"Programme\"}]},{\"@type\":\"WebSite\",\"@id\":\"https:\\\/\\\/www.radiocourchevel.com\\\/radio-courchevel\\\/#website\",\"url\":\"https:\\\/\\\/www.radiocourchevel.com\\\/radio-courchevel\\\/\",\"name\":\"R'Courchevel\",\"description\":\"Radio Courchevel - Sur 93.2 FM\",\"publisher\":{\"@id\":\"https:\\\/\\\/www.radiocourchevel.com\\\/radio-courchevel\\\/#organization\"},\"potentialAction\":[{\"@type\":\"SearchAction\",\"target\":{\"@type\":\"EntryPoint\",\"urlTemplate\":\"https:\\\/\\\/www.radiocourchevel.com\\\/radio-courchevel\\\/?s={search_term_string}\"},\"query-input\":{\"@type\":\"PropertyValueSpecification\",\"valueRequired\":true,\"valueName\":\"search_term_string\"}}],\"inLanguage\":\"fr-FR\"},{\"@type\":\"Organization\",\"@id\":\"https:\\\/\\\/www.radiocourchevel.com\\\/radio-courchevel\\\/#organization\",\"name\":\"R'Courchevel\",\"url\":\"https:\\\/\\\/www.radiocourchevel.com\\\/radio-courchevel\\\/\",\"logo\":{\"@type\":\"ImageObject\",\"inLanguage\":\"fr-FR\",\"@id\":\"https:\\\/\\\/www.radiocourchevel.com\\\/radio-courchevel\\\/#\\\/schema\\\/logo\\\/image\\\/\",\"url\":\"https:\\\/\\\/www.radiocourchevel.com\\\/wp-content\\\/uploads\\\/2023\\\/09\\\/cropped-logo-R-Courchevel.png\",\"contentUrl\":\"https:\\\/\\\/www.radiocourchevel.com\\\/wp-content\\\/uploads\\\/2023\\\/09\\\/cropped-logo-R-Courchevel.png\",\"width\":500,\"height\":500,\"caption\":\"R'Courchevel\"},\"image\":{\"@id\":\"https:\\\/\\\/www.radiocourchevel.com\\\/radio-courchevel\\\/#\\\/schema\\\/logo\\\/image\\\/\"},\"sameAs\":[\"https:\\\/\\\/www.facebook.com\\\/RadioCourchevel\\\/\"]}]}<\/script>\n<!-- \/ Yoast SEO plugin. -->","yoast_head_json":{"title":"Programme - R&#039;Courchevel","robots":{"index":"index","follow":"follow","max-snippet":"max-snippet:-1","max-image-preview":"max-image-preview:large","max-video-preview":"max-video-preview:-1"},"canonical":"https:\/\/www.radiocourchevel.com\/radio-courchevel\/programme\/","og_locale":"fr_FR","og_type":"article","og_title":"Programme - R&#039;Courchevel","og_description":"R&#8217;EVEIL 06h30 &#8211; 7h30 Flash infos nationales et internationalesFlash infos r\u00e9gionalesM\u00e9t\u00e9o Locale LA MATINALE 07h30 &#8211; 10h30 Infos pistesAgendaInfos routesM\u00e9t\u00e9o montagne Jeux LE GRAND R&#8217; 10h30 &#8211; 16h Skiez en musique, bien inform\u00e9s ! AFTER&#8217; SKI 16h &#8211; 20h Flash infos nationales et internationalesBons plans stationM\u00e9t\u00e9o montagne Agenda R&#8217;TIME 20h00 &#8211; 4h00 La s\u00e9lection de &hellip; Programme Lire la suite\u00a0\u00bb","og_url":"https:\/\/www.radiocourchevel.com\/radio-courchevel\/programme\/","og_site_name":"R&#039;Courchevel","article_publisher":"https:\/\/www.facebook.com\/RadioCourchevel\/","article_modified_time":"2023-09-21T06:08:49+00:00","twitter_card":"summary_large_image","schema":{"@context":"https:\/\/schema.org","@graph":[{"@type":"WebPage","@id":"https:\/\/www.radiocourchevel.com\/radio-courchevel\/programme\/","url":"https:\/\/www.radiocourchevel.com\/radio-courchevel\/programme\/","name":"Programme - R&#039;Courchevel","isPartOf":{"@id":"https:\/\/www.radiocourchevel.com\/radio-courchevel\/#website"},"datePublished":"2023-07-04T10:01:11+00:00","dateModified":"2023-09-21T06:08:49+00:00","breadcrumb":{"@id":"https:\/\/www.radiocourchevel.com\/radio-courchevel\/programme\/#breadcrumb"},"inLanguage":"fr-FR","potentialAction":[{"@type":"ReadAction","target":["https:\/\/www.radiocourchevel.com\/radio-courchevel\/programme\/"]}]},{"@type":"BreadcrumbList","@id":"https:\/\/www.radiocourchevel.com\/radio-courchevel\/programme\/#breadcrumb","itemListElement":[{"@type":"ListItem","position":1,"name":"Accueil","item":"https:\/\/www.radiocourchevel.com\/radio-courchevel\/"},{"@type":"ListItem","position":2,"name":"Programme"}]},{"@type":"WebSite","@id":"https:\/\/www.radiocourchevel.com\/radio-courchevel\/#website","url":"https:\/\/www.radiocourchevel.com\/radio-courchevel\/","name":"R'Courchevel","description":"Radio Courchevel - Sur 93.2 FM","publisher":{"@id":"https:\/\/www.radiocourchevel.com\/radio-courchevel\/#organization"},"potentialAction":[{"@type":"SearchAction","target":{"@type":"EntryPoint","urlTemplate":"https:\/\/www.radiocourchevel.com\/radio-courchevel\/?s={search_term_string}"},"query-input":{"@type":"PropertyValueSpecification","valueRequired":true,"valueName":"search_term_string"}}],"inLanguage":"fr-FR"},{"@type":"Organization","@id":"https:\/\/www.radiocourchevel.com\/radio-courchevel\/#organization","name":"R'Courchevel","url":"https:\/\/www.radiocourchevel.com\/radio-courchevel\/","logo":{"@type":"ImageObject","inLanguage":"fr-FR","@id":"https:\/\/www.radiocourchevel.com\/radio-courchevel\/#\/schema\/logo\/image\/","url":"https:\/\/www.radiocourchevel.com\/wp-content\/uploads\/2023\/09\/cropped-logo-R-Courchevel.png","contentUrl":"https:\/\/www.radiocourchevel.com\/wp-content\/uploads\/2023\/09\/cropped-logo-R-Courchevel.png","width":500,"height":500,"caption":"R'Courchevel"},"image":{"@id":"https:\/\/www.radiocourchevel.com\/radio-courchevel\/#\/schema\/logo\/image\/"},"sameAs":["https:\/\/www.facebook.com\/RadioCourchevel\/"]}]}},"uagb_featured_image_src":{"full":false,"thumbnail":false,"medium":false,"medium_large":false,"large":false,"1536x1536":false,"2048x2048":false,"audioigniter_cover":false},"uagb_author_info":{"display_name":"adminweb","author_link":"https:\/\/www.radiocourchevel.com\/radio-courchevel\/author\/adminweb\/"},"uagb_comment_info":0,"uagb_excerpt":"R&#8217;EVEIL 06h30 &#8211; 7h30 Flash infos nationales et internationalesFlash infos r\u00e9gionalesM\u00e9t\u00e9o Locale LA MATINALE 07h30 &#8211; 10h30 Infos pistesAgendaInfos routesM\u00e9t\u00e9o montagne Jeux LE GRAND R&#8217; 10h30 &#8211; 16h Skiez en musique, bien inform\u00e9s ! AFTER&#8217; SKI 16h &#8211; 20h Flash infos nationales et internationalesBons plans stationM\u00e9t\u00e9o montagne Agenda R&#8217;TIME 20h00 &#8211; 4h00 La s\u00e9lection de\u2026","_links":{"self":[{"href":"https:\/\/www.radiocourchevel.com\/radio-courchevel\/wp-json\/wp\/v2\/pages\/996","targetHints":{"allow":["GET"]}}],"collection":[{"href":"https:\/\/www.radiocourchevel.com\/radio-courchevel\/wp-json\/wp\/v2\/pages"}],"about":[{"href":"https:\/\/www.radiocourchevel.com\/radio-courchevel\/wp-json\/wp\/v2\/types\/page"}],"author":[{"embeddable":true,"href":"https:\/\/www.radiocourchevel.com\/radio-courchevel\/wp-json\/wp\/v2\/users\/1"}],"replies":[{"embeddable":true,"href":"https:\/\/www.radiocourchevel.com\/radio-courchevel\/wp-json\/wp\/v2\/comments?post=996"}],"version-history":[{"count":6,"href":"https:\/\/www.radiocourchevel.com\/radio-courchevel\/wp-json\/wp\/v2\/pages\/996\/revisions"}],"predecessor-version":[{"id":1368,"href":"https:\/\/www.radiocourchevel.com\/radio-courchevel\/wp-json\/wp\/v2\/pages\/996\/revisions\/1368"}],"wp:attachment":[{"href":"https:\/\/www.radiocourchevel.com\/radio-courchevel\/wp-json\/wp\/v2\/media?parent=996"}],"curies":[{"name":"wp","href":"https:\/\/api.w.org\/{rel}","templated":true}]}}